{"id":37,"date":"2015-10-13T17:30:43","date_gmt":"2015-10-13T17:30:43","guid":{"rendered":"http:\/\/dispakmayorista.com\/sitio\/?page_id=37"},"modified":"2015-10-19T15:28:01","modified_gmt":"2015-10-19T15:28:01","slug":"index","status":"publish","type":"page","link":"http:\/\/dispakmayorista.com\/sitio\/","title":{"rendered":"Index"},"content":{"rendered":"<p><div class=\"et_pb_section et_pb_fullwidth_section et_section_regular\" style='background-color:#ffffff;'>\r\n\t\t\t\r\n\t\t\t\r\n\t\t\t\t\r\n\t\t\t\t<div class=\"et_pb_slider et_pb_slider_no_pagination et_slider_auto et_slider_speed_2000\">\r\n\t\t\t<div class=\"et_pb_slides\">\r\n\t\t\t\t<div class=\"et_pb_slide et_pb_bg_layout_dark et_pb_media_alignment_center\" style='background-color:#ffffff;background-image:url(http:\/\/dispakmayorista.com\/sitio\/wp-content\/uploads\/2015\/10\/10410627_627284640675778_3412791604760558082_n.jpg);'>\r\n\t\t\t\r\n\t\t\t<div class=\"et_pb_container clearfix\">\r\n\t\t\t\t\r\n\t\t\t\t<div class=\"et_pb_slide_description\">\r\n\t\t\t\t\t\r\n\t\t\t\t\t<div class=\"et_pb_slide_content\"><\/div>\r\n\t\t\t\t\t\r\n\t\t\t\t<\/div> <!-- .et_pb_slide_description -->\r\n\t\t\t<\/div> <!-- .et_pb_container -->\r\n\t\t\t\r\n\t\t<\/div> <!-- .et_pb_slide -->\r\n\t\t<div class=\"et_pb_slide et_pb_bg_layout_dark et_pb_media_alignment_center\" style='background-color:#ffffff;background-image:url(http:\/\/dispakmayorista.com\/sitio\/wp-content\/uploads\/2015\/10\/1457595_536241683113408_2001758924_n.jpg);'>\r\n\t\t\t\r\n\t\t\t<div class=\"et_pb_container clearfix\">\r\n\t\t\t\t\r\n\t\t\t\t<div class=\"et_pb_slide_description\">\r\n\t\t\t\t\t<h2>Correo Electr\u00f3nico: info@dispakmayorista.com<\/h2>\r\n\t\t\t\t\t<div class=\"et_pb_slide_content\"><\/div>\r\n\t\t\t\t\t\r\n\t\t\t\t<\/div> <!-- .et_pb_slide_description -->\r\n\t\t\t<\/div> <!-- .et_pb_container -->\r\n\t\t\t\r\n\t\t<\/div> <!-- .et_pb_slide -->\r\n\t\t<div class=\"et_pb_slide et_pb_bg_layout_dark et_pb_media_alignment_center\" style='background-color:#ffffff;background-image:url(http:\/\/dispakmayorista.com\/sitio\/wp-content\/uploads\/2015\/10\/558011_289140687823510_375322278_n.jpg);'>\r\n\t\t\t\r\n\t\t\t<div class=\"et_pb_container clearfix\">\r\n\t\t\t\t\r\n\t\t\t\t<div class=\"et_pb_slide_description\">\r\n\t\t\t\t\t<h2>Tel\u00e9fono: 3483619 \/ 3483666.<\/h2>\r\n\t\t\t\t\t<div class=\"et_pb_slide_content\"><\/div>\r\n\t\t\t\t\t\r\n\t\t\t\t<\/div> <!-- .et_pb_slide_description -->\r\n\t\t\t<\/div> <!-- .et_pb_container -->\r\n\t\t\t\r\n\t\t<\/div> <!-- .et_pb_slide -->\r\n\t\t\r\n\t\t\t<\/div> <!-- .et_pb_slides -->\r\n\t\t<\/div> <!-- .et_pb_slider -->\r\n\t\t\r\n\t\t\t\r\n\t\t<\/div> <!-- .et_pb_section --><div class=\"et_pb_section et_section_regular\">\r\n\t\t\t\r\n\t\t\t\r\n\t\t\t\t\r\n\t\t\t\t<div class=\"et_pb_row\">\r\n\t\t\t<div class=\"et_pb_column et_pb_column_4_4\">\r\n\t\t\t<div class=\"et_pb_text et_pb_bg_layout_light et_pb_text_align_left\">\r\n\t\t\tSomos Dispak, una destacada distribuidora papelera que ofrece el mejor servicio en ventas mayoristas. Nuestra empresa es reconocida por su amplio stock en papeler\u00eda especial, escolar, art\u00edstica y t\u00e9cnica. Dispak, naci\u00f3 con la misi\u00f3n de abastecer a librer\u00edas minoristas de Cuyo con variedad de productos y los precios m\u00e1s bajos de la plaza transmitiendo a nuestros clientes nuestros conocimientos para la comercializaci\u00f3n de art\u00edculos de librer\u00eda y papeler\u00eda. Nuestra visi\u00f3n es ser el principal proveedor de art\u00edculos de librer\u00eda y papeler\u00eda del centro oeste argentino, generando v\u00ednculos de confianza con nuestros clientes y proveedores. <strong>PRODUCTOS<\/strong><\/p>\n<ul>\n<li>Insumos de computaci\u00f3n<\/li>\n<li>Art\u00edculos de librer\u00eda escolar y comercial<\/li>\n<li>Productos de art\u00edstica.<\/li>\n<li>Papeles especiales<\/li>\n<\/ul>\n<p><strong>CALIDAD<\/strong> Brindamos atenci\u00f3n personalizada, asesor\u00eda integral y los mejores precios. Gracias al buen servicio que proporciona nuestro equipo de trabajo, nos hemos convertido en un referente confiable en el rubro.\r\n\t\t<\/div> <!-- .et_pb_text -->\r\n\t\t<\/div> <!-- .et_pb_column -->\r\n\t\t<\/div> <!-- .et_pb_row -->\r\n\t\t\t\r\n\t\t<\/div> <!-- .et_pb_section --><div class=\"et_pb_section et_pb_fullwidth_section et_section_regular\">\r\n\t\t\t\r\n\t\t\t\r\n\t\t\t\t\r\n\t\t\t\t<section id=\"titulares\" class=\"et_pb_fullwidth_header et_pb_bg_layout_dark et_pb_text_align_left titulares\">\r\n\t\t\t<div class=\"et_pb_row\">\r\n\t\t\t\t<h1>Cont\u00e1ctenos<\/h1>\r\n\t\t\t\t<p class=\"et_pb_fullwidth_header_subhead\">Puede contactarse con nosotros telefonicamente al 3483619 \/ 3483666. O puede hacerlo completando el siguiente formulario y nos comunicaremos a la brevedad.<\/p>\r\n\t\t\t<\/div>\r\n\t\t<\/section>\r\n\t\t\t\r\n\t\t<\/div> <!-- .et_pb_section --><div class=\"et_pb_section et_section_regular\">\r\n\t\t\t\r\n\t\t\t\r\n\t\t\t\t\r\n\t\t\t\t<div class=\"et_pb_row\">\r\n\t\t\t<div class=\"et_pb_column et_pb_column_4_4\">\r\n\t\t\t\r\n\t\t<div id=\"et_pb_contact_form_1\" class=\"et_pb_contact_form_container clearfix\">\r\n\t\t\t\r\n\t\t\t\r\n\t\t\t\r\n\t\t\t<div class=\"et_pb_contact\">\r\n\t\t\t\t<div class=\"et-pb-contact-message\"><\/div>\r\n\r\n\t\t\t\t<form class=\"et_pb_contact_form clearfix\" method=\"post\" action=\"http:\/\/dispakmayorista.com\/sitio\/\">\r\n\t\t\t\t\t<div class=\"et_pb_contact_left\">\r\n\t\t\t\t\t\t<p class=\"clearfix\">\r\n\t\t\t\t\t\t\t<label class=\"et_pb_contact_form_label\">Nombre<\/label>\r\n\t\t\t\t\t\t\t<input type=\"text\" class=\"input et_pb_contact_name\" value=\"Nombre\" name=\"et_pb_contact_name\">\r\n\t\t\t\t\t\t<\/p>\r\n\t\t\t\t\t\t<p class=\"clearfix\">\r\n\t\t\t\t\t\t\t<label class=\"et_pb_contact_form_label\">Email<\/label>\r\n\t\t\t\t\t\t\t<input type=\"text\" class=\"input et_pb_contact_email\" value=\"Email\" name=\"et_pb_contact_email\">\r\n\t\t\t\t\t\t<\/p>\r\n\t\t\t\t\t<\/div> <!-- .et_pb_contact_left -->\r\n\r\n\t\t\t\t\t<div class=\"clear\"><\/div>\r\n\t\t\t\t\t<p class=\"clearfix\">\r\n\t\t\t\t\t\t<label class=\"et_pb_contact_form_label\">Mensaje<\/label>\r\n\t\t\t\t\t\t<textarea name=\"et_pb_contact_message\" class=\"et_pb_contact_message input\">Mensaje<\/textarea>\r\n\t\t\t\t\t<\/p>\r\n\r\n\t\t\t\t\t<input type=\"hidden\" value=\"et_contact_proccess\" name=\"et_pb_contactform_submit\">\r\n\r\n\t\t\t\t\t<input type=\"submit\" value=\"Enviar\" class=\"et_pb_contact_submit\">\r\n\r\n\t\t\t\t\t\r\n\t\t<div class=\"et_pb_contact_right\">\r\n\t\t\t<p class=\"clearfix\">\r\n\t\t\t\t1 + 13 = <input type=\"text\" size=\"2\" class=\"input et_pb_contact_captcha\" value=\"\" name=\"et_pb_contact_captcha\">\r\n\t\t\t<\/p>\r\n\t\t<\/div> <!-- .et_pb_contact_right -->\r\n\r\n\t\t\t\t\t<input type=\"hidden\" id=\"_wpnonce-et-pb-contact-form-submitted\" name=\"_wpnonce-et-pb-contact-form-submitted\" value=\"897332c6b5\" \/><input type=\"hidden\" name=\"_wp_http_referer\" value=\"\/sitio\/wp-json\/wp\/v2\/pages\/37\" \/>\r\n\t\t\t\t<\/form>\r\n\t\t\t<\/div> <!-- .et_pb_contact -->\r\n\t\t<\/div> <!-- .et_pb_contact_form_container -->\r\n\t\t<div class=\"et_pb_text et_pb_bg_layout_light et_pb_text_align_left\">\r\n\t\t\t\n<p>Tel\u00e9fono: 3483619 \/ 3483666.<\/p>\n\r\n\t\t<\/div> <!-- .et_pb_text -->\r\n\t\t<\/div> <!-- .et_pb_column -->\r\n\t\t<\/div> <!-- .et_pb_row -->\r\n\t\t\t\r\n\t\t<\/div> <!-- .et_pb_section --><div class=\"et_pb_section et_pb_fullwidth_section et_section_regular\">\r\n\t\t\t\r\n\t\t\t\r\n\t\t\t\t\r\n\t\t\t\t<section id=\"titulares\" class=\"et_pb_fullwidth_header et_pb_bg_layout_dark et_pb_text_align_left titulares\">\r\n\t\t\t<div class=\"et_pb_row\">\r\n\t\t\t\t<h1>Vis\u00edtenos<\/h1>\r\n\t\t\t\t<p class=\"et_pb_fullwidth_header_subhead\">Coronel Plaza 538, 5500 Ciudad de Mendoza<\/p>\r\n\t\t\t<\/div>\r\n\t\t<\/section><div class=\"et_pb_map_container\">\r\n\t\t\t<div class=\"et_pb_map\" data-center-lat=\"-32.87938939999999\" data-center-lng=\"-68.84365400000002\" data-zoom=\"15\" data-mouse-wheel=\"on\"><\/div>\r\n\t\t\t<div class=\"et_pb_map_pin\" data-lat=\"-32.8793894\" data-lng=\"-68.84365400000002\" data-title=\"Coronel Plaza 538, Ciudad de Mendoza, Argentina\">\r\n\t\t\t\r\n\t\t<\/div>\r\n\t\t<\/div>\r\n\t\t\t\r\n\t\t<\/div> <!-- .et_pb_section --><\/p>\n","protected":false},"excerpt":{"rendered":"","protected":false},"author":2,"featured_media":0,"parent":0,"menu_order":0,"comment_status":"closed","ping_status":"closed","template":"","meta":{"footnotes":""},"class_list":["post-37","page","type-page","status-publish","hentry"],"_links":{"self":[{"href":"http:\/\/dispakmayorista.com\/sitio\/wp-json\/wp\/v2\/pages\/37","targetHints":{"allow":["GET"]}}],"collection":[{"href":"http:\/\/dispakmayorista.com\/sitio\/wp-json\/wp\/v2\/pages"}],"about":[{"href":"http:\/\/dispakmayorista.com\/sitio\/wp-json\/wp\/v2\/types\/page"}],"author":[{"embeddable":true,"href":"http:\/\/dispakmayorista.com\/sitio\/wp-json\/wp\/v2\/users\/2"}],"replies":[{"embeddable":true,"href":"http:\/\/dispakmayorista.com\/sitio\/wp-json\/wp\/v2\/comments?post=37"}],"version-history":[{"count":22,"href":"http:\/\/dispakmayorista.com\/sitio\/wp-json\/wp\/v2\/pages\/37\/revisions"}],"predecessor-version":[{"id":100,"href":"http:\/\/dispakmayorista.com\/sitio\/wp-json\/wp\/v2\/pages\/37\/revisions\/100"}],"wp:attachment":[{"href":"http:\/\/dispakmayorista.com\/sitio\/wp-json\/wp\/v2\/media?parent=37"}],"curies":[{"name":"wp","href":"https:\/\/api.w.org\/{rel}","templated":true}]}}